{"id":39,"date":"2024-09-17T09:05:37","date_gmt":"2024-09-17T08:05:37","guid":{"rendered":"http:\/\/parenthesebien-etre.fr\/?page_id=39"},"modified":"2024-10-23T19:11:10","modified_gmt":"2024-10-23T18:11:10","slug":"carte-cadeau","status":"publish","type":"page","link":"https:\/\/parenthesebien-etre.fr\/index.php\/carte-cadeau\/","title":{"rendered":"Carte cadeau"},"content":{"rendered":"\n\n\t<section class=\"section dark\" id=\"section_171206489\">\n\t\t<div class=\"section-bg fill\" >\n\t\t\t<img decoding=\"async\" width=\"2560\" height=\"1707\" data-src=\"https:\/\/parenthesebien-etre.fr\/wp-content\/uploads\/2024\/10\/davidcohen-6lWqkLIh5L8-unsplash-scaled.jpg\" class=\"bg attachment-original size-original lazyload\" alt=\"Lotus - Socio-esth\u00e9tique - Parenth\u00e8se Bien-\u00eatre\" src=\"data:image\/gif;base64,R0lGODlhAQABAAAAACH5BAEKAAEALAAAAAABAAEAAAICTAEAOw==\" style=\"--smush-placeholder-width: 2560px; --smush-placeholder-aspect-ratio: 2560\/1707;\" \/>\t\t\t\t\t\t<div class=\"section-bg-overlay absolute fill\"><\/div>\n\t\t\t\n\n\t\t<\/div>\n\n\t\t\n\n\t\t<div class=\"section-content relative\">\n\t\t\t\n\n<div class=\"row\"  id=\"row-14230312\">\n\n\n\t<div id=\"col-543754034\" class=\"col small-12 large-12\"  >\n\t\t\t\t<div class=\"col-inner text-center text-shadow-3\"  >\n\t\t\t\n\t\t\t\n\n<h1><span style=\"font-size: 200%;\">Carte Cadeau<\/span><\/h1>\n<p>Un cadeau pour r\u00e9v\u00e9ler votre \u00e9clat int\u00e9rieur<\/p>\n\n\t\t<\/div>\n\t\t\t\t\n<style>\n#col-543754034 > .col-inner {\n  padding: 20px 0px 0px 0px;\n}\n<\/style>\n\t<\/div>\n\n\t\n\n<\/div>\n\n\t\t<\/div>\n\n\t\t\n<style>\n#section_171206489 {\n  padding-top: 140px;\n  padding-bottom: 140px;\n  min-height: 550px;\n  background-color: rgb(40, 40, 40);\n}\n#section_171206489 .section-bg-overlay {\n  background-color: rgba(0, 0, 0, 0.3);\n}\n#section_171206489 .section-bg img {\n  object-position: 47% 13%;\n}\n<\/style>\n\t<\/section>\n\t\n\n\t<section class=\"section\" id=\"section_420772735\">\n\t\t<div class=\"section-bg fill\" >\n\t\t\t\t\t\t\t\t\t\n\t\t\t\n\n\t\t<\/div>\n\n\t\t\n\n\t\t<div class=\"section-content relative\">\n\t\t\t\n\n<div class=\"row\"  id=\"row-670750596\">\n\n\n\t<div id=\"col-1375599567\" class=\"col small-12 large-12\"  >\n\t\t\t\t<div class=\"col-inner\"  >\n\t\t\t\n\t\t\t\n\n<div class=\"row align-equal\"  id=\"row-498040926\">\n\n\n\t<div id=\"col-1110761455\" class=\"col medium-6 small-12 large-6\"  >\n\t\t\t\t<div class=\"col-inner text-center\"  >\n\t\t\t\n\t\t\t\n\n\n\t\t<div class=\"icon-box featured-box icon-box-center text-center\"  >\n\t\t\t\t\t<div class=\"icon-box-img\" style=\"width: 77px\">\n\t\t\t\t<div class=\"icon\">\n\t\t\t\t\t<div class=\"icon-inner\" >\n\t\t\t\t\t\t<img decoding=\"async\" width=\"300\" height=\"300\" data-src=\"https:\/\/parenthesebien-etre.fr\/wp-content\/uploads\/2024\/10\/carte-cadeau-Parenthese-bien-etre-300x300.png\" class=\"attachment-medium size-medium lazyload\" alt=\"carte-cadeau - Parenth\u00e8se bien-\u00eatre\" data-srcset=\"https:\/\/parenthesebien-etre.fr\/wp-content\/uploads\/2024\/10\/carte-cadeau-Parenthese-bien-etre-300x300.png 300w, https:\/\/parenthesebien-etre.fr\/wp-content\/uploads\/2024\/10\/carte-cadeau-Parenthese-bien-etre-150x150.png 150w, https:\/\/parenthesebien-etre.fr\/wp-content\/uploads\/2024\/10\/carte-cadeau-Parenthese-bien-etre-100x100.png 100w, https:\/\/parenthesebien-etre.fr\/wp-content\/uploads\/2024\/10\/carte-cadeau-Parenthese-bien-etre.png 512w\" data-sizes=\"(max-width: 300px) 100vw, 300px\" src=\"data:image\/gif;base64,R0lGODlhAQABAAAAACH5BAEKAAEALAAAAAABAAEAAAICTAEAOw==\" style=\"--smush-placeholder-width: 300px; --smush-placeholder-aspect-ratio: 300\/300;\" \/>\t\t\t\t\t<\/div>\n\t\t\t\t<\/div>\n\t\t\t<\/div>\n\t\t\t\t<div class=\"icon-box-text last-reset\">\n\t\t\t\t\t\t\t\t\t\n\n<p>Vous souhaitez faire plaisir \u00e0 un proche malade, \u00e2g\u00e9 ou en situation de handicap ? Vous \u00eates au bon endroit !<\/p>\n<p>Pour une occasion particuli\u00e8re ou non, Parenth\u00e8se bien-\u00eatre vous donne la possibilit\u00e9 d\u2019offrir un moment de bonheur \u00e0 vos proches gr\u00e2ce \u00e0 sa carte cadeau.<\/p>\n<p>Valable 1 an, la carte cadeau vous permet d\u2019offrir une s\u00e9ance de socio-esth\u00e9tique de la dur\u00e9e de votre choix allant de 30 minutes \u00e0 1h30<\/p>\n\t<div id=\"gap-1992506784\" class=\"gap-element clearfix\" style=\"display:block; height:auto;\">\n\t\t\n<style>\n#gap-1992506784 {\n  padding-top: 20px;\n}\n<\/style>\n\t<\/div>\n\t\n\n<a data-animate=\"fadeInUp\" href=\"https:\/\/parenthesebien-etre.fr\/index.php\/tarif\/\" target=\"_blank\" class=\"button primary box-shadow-2 box-shadow-4-hover lowercase\" rel=\"noopener\"  >\n\t\t<span>Mes tarifs<\/span>\n\t<\/a>\n\n\n\n\t\t<\/div>\n\t<\/div>\n\t\n\t\n\n\t\t<\/div>\n\t\t\t\t\t<\/div>\n\n\t\n\n\t<div id=\"col-625726455\" class=\"col medium-6 small-12 large-6\"  >\n\t\t\t\t<div class=\"col-inner text-center\"  >\n\t\t\t\n\t\t\t\n\n\n\t\t<div class=\"icon-box featured-box icon-box-center text-center\"  >\n\t\t\t\t\t<div class=\"icon-box-img\" style=\"width: 77px\">\n\t\t\t\t<div class=\"icon\">\n\t\t\t\t\t<div class=\"icon-inner\" >\n\t\t\t\t\t\t<img decoding=\"async\" width=\"300\" height=\"300\" data-src=\"https:\/\/parenthesebien-etre.fr\/wp-content\/uploads\/2024\/09\/Email-Parenthese-Bien-etre-300x300.png\" class=\"attachment-medium size-medium lazyload\" alt=\"Email - Parenth\u00e8se Bien-\u00eatre\" data-srcset=\"https:\/\/parenthesebien-etre.fr\/wp-content\/uploads\/2024\/09\/Email-Parenthese-Bien-etre-300x300.png 300w, https:\/\/parenthesebien-etre.fr\/wp-content\/uploads\/2024\/09\/Email-Parenthese-Bien-etre-150x150.png 150w, https:\/\/parenthesebien-etre.fr\/wp-content\/uploads\/2024\/09\/Email-Parenthese-Bien-etre-100x100.png 100w, https:\/\/parenthesebien-etre.fr\/wp-content\/uploads\/2024\/09\/Email-Parenthese-Bien-etre.png 512w\" data-sizes=\"(max-width: 300px) 100vw, 300px\" src=\"data:image\/gif;base64,R0lGODlhAQABAAAAACH5BAEKAAEALAAAAAABAAEAAAICTAEAOw==\" style=\"--smush-placeholder-width: 300px; --smush-placeholder-aspect-ratio: 300\/300;\" \/>\t\t\t\t\t<\/div>\n\t\t\t\t<\/div>\n\t\t\t<\/div>\n\t\t\t\t<div class=\"icon-box-text last-reset\">\n\t\t\t\t\t\t\t\t\t\n\n<p>Une fois le rendez-vous pris, je me d\u00e9place au domicile de la personne ou au sein de la structure de<\/p>\n<p>soin dans laquelle elle vit pour la r\u00e9alisation de la prestation de son choix.<\/p>\n<p>Apr\u00e8s la s\u00e9ance, vous aurez le plaisir de retrouver votre proche d\u00e9tendu, heureux et le sourire jusqu\u2019aux oreilles.<\/p>\n<p>N\u2019h\u00e9sitez pas \u00e0 me contacter par e-mail ou t\u00e9l\u00e9phone pour plus de renseignements.<\/p>\n\t<div id=\"gap-1717194412\" class=\"gap-element clearfix\" style=\"display:block; height:auto;\">\n\t\t\n<style>\n#gap-1717194412 {\n  padding-top: 20px;\n}\n<\/style>\n\t<\/div>\n\t\n\n\n\t\t<\/div>\n\t<\/div>\n\t\n\t\n<a href=\"https:\/\/parenthesebien-etre.fr\/index.php\/contact\/\" target=\"_blank\" class=\"button primary box-shadow-2 box-shadow-4-hover lowercase\" rel=\"noopener\"  >\n\t\t<span>Contactez-moi<\/span>\n\t<\/a>\n\n\n\n\t\t<\/div>\n\t\t\t\t\t<\/div>\n\n\t\n\n\t<div id=\"col-581043728\" class=\"col small-12 large-12\"  >\n\t\t\t\t<div class=\"col-inner text-center\" style=\"background-color:rgb(255,255,255);\" >\n\t\t\t\n\t\t\t\n\n<div class=\"is-divider divider clearfix\" ><\/div>\n\n\t<div class=\"img has-hover x md-x lg-x y md-y lg-y\" id=\"image_2057743169\">\n\t\t\t\t\t\t\t\t<div class=\"img-inner box-shadow-3 box-shadow-5-hover dark\" >\n\t\t\t<img decoding=\"async\" width=\"3508\" height=\"2480\" data-src=\"https:\/\/parenthesebien-etre.fr\/wp-content\/uploads\/2024\/10\/Carte-cadeau-Parenthese-bien-etre-1.png\" class=\"attachment-original size-original lazyload\" alt=\"Carte cadeau - Parenth\u00e8se bien-\u00eatre\" data-srcset=\"https:\/\/parenthesebien-etre.fr\/wp-content\/uploads\/2024\/10\/Carte-cadeau-Parenthese-bien-etre-1.png 3508w, https:\/\/parenthesebien-etre.fr\/wp-content\/uploads\/2024\/10\/Carte-cadeau-Parenthese-bien-etre-1-300x212.png 300w, https:\/\/parenthesebien-etre.fr\/wp-content\/uploads\/2024\/10\/Carte-cadeau-Parenthese-bien-etre-1-1024x724.png 1024w, https:\/\/parenthesebien-etre.fr\/wp-content\/uploads\/2024\/10\/Carte-cadeau-Parenthese-bien-etre-1-768x543.png 768w, https:\/\/parenthesebien-etre.fr\/wp-content\/uploads\/2024\/10\/Carte-cadeau-Parenthese-bien-etre-1-1536x1086.png 1536w, https:\/\/parenthesebien-etre.fr\/wp-content\/uploads\/2024\/10\/Carte-cadeau-Parenthese-bien-etre-1-2048x1448.png 2048w, https:\/\/parenthesebien-etre.fr\/wp-content\/uploads\/2024\/10\/Carte-cadeau-Parenthese-bien-etre-1-600x424.png 600w\" data-sizes=\"(max-width: 3508px) 100vw, 3508px\" src=\"data:image\/gif;base64,R0lGODlhAQABAAAAACH5BAEKAAEALAAAAAABAAEAAAICTAEAOw==\" style=\"--smush-placeholder-width: 3508px; --smush-placeholder-aspect-ratio: 3508\/2480;\" \/>\t\t\t\t\t\t\n\t\t\t\t\t<\/div>\n\t\t\t\t\t\t\t\t\n<style>\n#image_2057743169 {\n  width: 74%;\n}\n<\/style>\n\t<\/div>\n\t\n\n\n\t\t<\/div>\n\t\t\t\t\t<\/div>\n\n\t\n\n\n<style>\n#row-498040926 > .col > .col-inner {\n  padding: 40px 40px 40px 40px;\n  background-color: rgb(255,255,255);\n}\n<\/style>\n<\/div>\n\n\t\t<\/div>\n\t\t\t\t\n<style>\n#col-1375599567 > .col-inner {\n  margin: -100px 0px 0px 0px;\n}\n<\/style>\n\t<\/div>\n\n\t\n\n<\/div>\n\n\t\t<\/div>\n\n\t\t\n<style>\n#section_420772735 {\n  padding-top: 30px;\n  padding-bottom: 30px;\n  background-color: #df9a5f;\n}\n<\/style>\n\t<\/section>\n\t\n\n","protected":false},"excerpt":{"rendered":"","protected":false},"author":4,"featured_media":0,"parent":0,"menu_order":0,"comment_status":"closed","ping_status":"closed","template":"page-transparent-header-light.php","meta":{"footnotes":""},"class_list":["post-39","page","type-page","status-publish","hentry"],"yoast_head":"<!-- This site is optimized with the Yoast SEO plugin v27.1.1 - https:\/\/yoast.com\/product\/yoast-seo-wordpress\/ -->\n<title>Carte cadeau - Parenthese bien etre<\/title>\n<meta name=\"description\" content=\"Offrez une parenth\u00e8se de bien-\u00eatre avec notre carte cadeau Parenth\u00e8se Bien-\u00catre \u00e0 Angers. Id\u00e9ale pour toutes les occasions, elle permet \u00e0 vos proches de profiter de soins personnalis\u00e9s en socio-esth\u00e9tique. Achetez votre carte d\u00e8s maintenant et faites plaisir \u00e0 ceux que vous aimez !\" \/>\n<meta name=\"robots\" content=\"index, follow, max-snippet:-1, max-image-preview:large, max-video-preview:-1\" \/>\n<link rel=\"canonical\" href=\"https:\/\/parenthesebien-etre.fr\/index.php\/carte-cadeau\/\" \/>\n<meta property=\"og:locale\" content=\"fr_FR\" \/>\n<meta property=\"og:type\" content=\"article\" \/>\n<meta property=\"og:title\" content=\"Carte cadeau - Parenthese bien etre\" \/>\n<meta property=\"og:description\" content=\"Offrez une parenth\u00e8se de bien-\u00eatre avec notre carte cadeau Parenth\u00e8se Bien-\u00catre \u00e0 Angers. Id\u00e9ale pour toutes les occasions, elle permet \u00e0 vos proches de profiter de soins personnalis\u00e9s en socio-esth\u00e9tique. Achetez votre carte d\u00e8s maintenant et faites plaisir \u00e0 ceux que vous aimez !\" \/>\n<meta property=\"og:url\" content=\"https:\/\/parenthesebien-etre.fr\/index.php\/carte-cadeau\/\" \/>\n<meta property=\"og:site_name\" content=\"Parenthese bien etre\" \/>\n<meta property=\"article:modified_time\" content=\"2024-10-23T18:11:10+00:00\" \/>\n<meta name=\"twitter:card\" content=\"summary_large_image\" \/>\n<meta name=\"twitter:label1\" content=\"Dur\u00e9e de lecture estim\u00e9e\" \/>\n\t<meta name=\"twitter:data1\" content=\"2 minutes\" \/>\n<script type=\"application\/ld+json\" class=\"yoast-schema-graph\">{\"@context\":\"https:\/\/schema.org\",\"@graph\":[{\"@type\":\"WebPage\",\"@id\":\"https:\/\/parenthesebien-etre.fr\/index.php\/carte-cadeau\/\",\"url\":\"https:\/\/parenthesebien-etre.fr\/index.php\/carte-cadeau\/\",\"name\":\"Carte cadeau - Parenthese bien etre\",\"isPartOf\":{\"@id\":\"https:\/\/parenthesebien-etre.fr\/#website\"},\"datePublished\":\"2024-09-17T08:05:37+00:00\",\"dateModified\":\"2024-10-23T18:11:10+00:00\",\"description\":\"Offrez une parenth\u00e8se de bien-\u00eatre avec notre carte cadeau Parenth\u00e8se Bien-\u00catre \u00e0 Angers. Id\u00e9ale pour toutes les occasions, elle permet \u00e0 vos proches de profiter de soins personnalis\u00e9s en socio-esth\u00e9tique. Achetez votre carte d\u00e8s maintenant et faites plaisir \u00e0 ceux que vous aimez !\",\"breadcrumb\":{\"@id\":\"https:\/\/parenthesebien-etre.fr\/index.php\/carte-cadeau\/#breadcrumb\"},\"inLanguage\":\"fr-FR\",\"potentialAction\":[{\"@type\":\"ReadAction\",\"target\":[\"https:\/\/parenthesebien-etre.fr\/index.php\/carte-cadeau\/\"]}]},{\"@type\":\"BreadcrumbList\",\"@id\":\"https:\/\/parenthesebien-etre.fr\/index.php\/carte-cadeau\/#breadcrumb\",\"itemListElement\":[{\"@type\":\"ListItem\",\"position\":1,\"name\":\"Accueil\",\"item\":\"https:\/\/parenthesebien-etre.fr\/\"},{\"@type\":\"ListItem\",\"position\":2,\"name\":\"Carte cadeau\"}]},{\"@type\":\"WebSite\",\"@id\":\"https:\/\/parenthesebien-etre.fr\/#website\",\"url\":\"https:\/\/parenthesebien-etre.fr\/\",\"name\":\"Parenthese bien etre\",\"description\":\"Profitez d&#039;un instant de bien-\u00eatre et de d\u00e9tente rien qu&#039;\u00e0 vous.\",\"potentialAction\":[{\"@type\":\"SearchAction\",\"target\":{\"@type\":\"EntryPoint\",\"urlTemplate\":\"https:\/\/parenthesebien-etre.fr\/?s={search_term_string}\"},\"query-input\":{\"@type\":\"PropertyValueSpecification\",\"valueRequired\":true,\"valueName\":\"search_term_string\"}}],\"inLanguage\":\"fr-FR\"}]}<\/script>\n<!-- \/ Yoast SEO plugin. -->","yoast_head_json":{"title":"Carte cadeau - Parenthese bien etre","description":"Offrez une parenth\u00e8se de bien-\u00eatre avec notre carte cadeau Parenth\u00e8se Bien-\u00catre \u00e0 Angers. Id\u00e9ale pour toutes les occasions, elle permet \u00e0 vos proches de profiter de soins personnalis\u00e9s en socio-esth\u00e9tique. Achetez votre carte d\u00e8s maintenant et faites plaisir \u00e0 ceux que vous aimez !","robots":{"index":"index","follow":"follow","max-snippet":"max-snippet:-1","max-image-preview":"max-image-preview:large","max-video-preview":"max-video-preview:-1"},"canonical":"https:\/\/parenthesebien-etre.fr\/index.php\/carte-cadeau\/","og_locale":"fr_FR","og_type":"article","og_title":"Carte cadeau - Parenthese bien etre","og_description":"Offrez une parenth\u00e8se de bien-\u00eatre avec notre carte cadeau Parenth\u00e8se Bien-\u00catre \u00e0 Angers. Id\u00e9ale pour toutes les occasions, elle permet \u00e0 vos proches de profiter de soins personnalis\u00e9s en socio-esth\u00e9tique. Achetez votre carte d\u00e8s maintenant et faites plaisir \u00e0 ceux que vous aimez !","og_url":"https:\/\/parenthesebien-etre.fr\/index.php\/carte-cadeau\/","og_site_name":"Parenthese bien etre","article_modified_time":"2024-10-23T18:11:10+00:00","twitter_card":"summary_large_image","twitter_misc":{"Dur\u00e9e de lecture estim\u00e9e":"2 minutes"},"schema":{"@context":"https:\/\/schema.org","@graph":[{"@type":"WebPage","@id":"https:\/\/parenthesebien-etre.fr\/index.php\/carte-cadeau\/","url":"https:\/\/parenthesebien-etre.fr\/index.php\/carte-cadeau\/","name":"Carte cadeau - Parenthese bien etre","isPartOf":{"@id":"https:\/\/parenthesebien-etre.fr\/#website"},"datePublished":"2024-09-17T08:05:37+00:00","dateModified":"2024-10-23T18:11:10+00:00","description":"Offrez une parenth\u00e8se de bien-\u00eatre avec notre carte cadeau Parenth\u00e8se Bien-\u00catre \u00e0 Angers. Id\u00e9ale pour toutes les occasions, elle permet \u00e0 vos proches de profiter de soins personnalis\u00e9s en socio-esth\u00e9tique. Achetez votre carte d\u00e8s maintenant et faites plaisir \u00e0 ceux que vous aimez !","breadcrumb":{"@id":"https:\/\/parenthesebien-etre.fr\/index.php\/carte-cadeau\/#breadcrumb"},"inLanguage":"fr-FR","potentialAction":[{"@type":"ReadAction","target":["https:\/\/parenthesebien-etre.fr\/index.php\/carte-cadeau\/"]}]},{"@type":"BreadcrumbList","@id":"https:\/\/parenthesebien-etre.fr\/index.php\/carte-cadeau\/#breadcrumb","itemListElement":[{"@type":"ListItem","position":1,"name":"Accueil","item":"https:\/\/parenthesebien-etre.fr\/"},{"@type":"ListItem","position":2,"name":"Carte cadeau"}]},{"@type":"WebSite","@id":"https:\/\/parenthesebien-etre.fr\/#website","url":"https:\/\/parenthesebien-etre.fr\/","name":"Parenthese bien etre","description":"Profitez d&#039;un instant de bien-\u00eatre et de d\u00e9tente rien qu&#039;\u00e0 vous.","potentialAction":[{"@type":"SearchAction","target":{"@type":"EntryPoint","urlTemplate":"https:\/\/parenthesebien-etre.fr\/?s={search_term_string}"},"query-input":{"@type":"PropertyValueSpecification","valueRequired":true,"valueName":"search_term_string"}}],"inLanguage":"fr-FR"}]}},"_links":{"self":[{"href":"https:\/\/parenthesebien-etre.fr\/index.php\/wp-json\/wp\/v2\/pages\/39","targetHints":{"allow":["GET"]}}],"collection":[{"href":"https:\/\/parenthesebien-etre.fr\/index.php\/wp-json\/wp\/v2\/pages"}],"about":[{"href":"https:\/\/parenthesebien-etre.fr\/index.php\/wp-json\/wp\/v2\/types\/page"}],"author":[{"embeddable":true,"href":"https:\/\/parenthesebien-etre.fr\/index.php\/wp-json\/wp\/v2\/users\/4"}],"replies":[{"embeddable":true,"href":"https:\/\/parenthesebien-etre.fr\/index.php\/wp-json\/wp\/v2\/comments?post=39"}],"version-history":[{"count":8,"href":"https:\/\/parenthesebien-etre.fr\/index.php\/wp-json\/wp\/v2\/pages\/39\/revisions"}],"predecessor-version":[{"id":279,"href":"https:\/\/parenthesebien-etre.fr\/index.php\/wp-json\/wp\/v2\/pages\/39\/revisions\/279"}],"wp:attachment":[{"href":"https:\/\/parenthesebien-etre.fr\/index.php\/wp-json\/wp\/v2\/media?parent=39"}],"curies":[{"name":"wp","href":"https:\/\/api.w.org\/{rel}","templated":true}]}}