{"id":31,"date":"2024-09-17T09:04:34","date_gmt":"2024-09-17T08:04:34","guid":{"rendered":"http:\/\/parenthesebien-etre.fr\/?page_id=31"},"modified":"2024-10-23T19:10:52","modified_gmt":"2024-10-23T18:10:52","slug":"contact","status":"publish","type":"page","link":"https:\/\/parenthesebien-etre.fr\/index.php\/contact\/","title":{"rendered":"Contact"},"content":{"rendered":"\n\n\t<section class=\"section dark\" id=\"section_331600760\">\n\t\t<div class=\"section-bg fill\" >\n\t\t\t<img decoding=\"async\" width=\"2560\" height=\"1664\" data-src=\"https:\/\/parenthesebien-etre.fr\/wp-content\/uploads\/2024\/10\/zoltan-tasi-vHnVtLK8rCc-unsplash-scaled.jpg\" class=\"bg attachment-original size-original lazyload\" alt=\"Contact - Parenth\u00e8se Bien-\u00eatre\" src=\"data:image\/gif;base64,R0lGODlhAQABAAAAACH5BAEKAAEALAAAAAABAAEAAAICTAEAOw==\" style=\"--smush-placeholder-width: 2560px; --smush-placeholder-aspect-ratio: 2560\/1664;\" \/>\t\t\t\t\t\t<div class=\"section-bg-overlay absolute fill\"><\/div>\n\t\t\t\n\n\t\t<\/div>\n\n\t\t\n\n\t\t<div class=\"section-content relative\">\n\t\t\t\n\n<div class=\"row\"  id=\"row-351980752\">\n\n\n\t<div id=\"col-722479977\" class=\"col small-12 large-12\"  >\n\t\t\t\t<div class=\"col-inner text-center text-shadow-3\"  >\n\t\t\t\n\t\t\t\n\n<h1><span style=\"font-size: 200%;\">Contact<\/span><\/h1>\n<p>Un instant de d\u00e9tente pour votre peau et votre esprit<\/p>\n\n\t\t<\/div>\n\t\t\t\t\n<style>\n#col-722479977 > .col-inner {\n  padding: 20px 0px 0px 0px;\n}\n<\/style>\n\t<\/div>\n\n\t\n\n<\/div>\n\n\t\t<\/div>\n\n\t\t\n<style>\n#section_331600760 {\n  padding-top: 140px;\n  padding-bottom: 140px;\n  min-height: 550px;\n  background-color: rgb(40, 40, 40);\n}\n#section_331600760 .section-bg-overlay {\n  background-color: rgba(0, 0, 0, 0.122);\n}\n#section_331600760 .section-bg img {\n  object-position: 6% 63%;\n}\n<\/style>\n\t<\/section>\n\t\n\n\t<section class=\"section\" id=\"section_1111623478\">\n\t\t<div class=\"section-bg fill\" >\n\t\t\t\t\t\t\t\t\t\n\t\t\t\n\n\t\t<\/div>\n\n\t\t\n\n\t\t<div class=\"section-content relative\">\n\t\t\t\n\n<div class=\"row\"  id=\"row-1854245486\">\n\n\n\t<div id=\"col-2086364904\" class=\"col small-12 large-12\"  >\n\t\t\t\t<div class=\"col-inner\"  >\n\t\t\t\n\t\t\t\n\n<div class=\"row align-equal\"  id=\"row-510797558\">\n\n\n\t<div id=\"col-849938050\" class=\"col medium-6 small-12 large-6\"  >\n\t\t\t\t<div class=\"col-inner text-center\"  >\n\t\t\t\n\t\t\t\n\n\n\t\t<div class=\"icon-box featured-box icon-box-center text-center\"  >\n\t\t\t\t\t<div class=\"icon-box-img\" style=\"width: 60px\">\n\t\t\t\t<div class=\"icon\">\n\t\t\t\t\t<div class=\"icon-inner\" >\n\t\t\t\t\t\t<img decoding=\"async\" width=\"300\" height=\"300\" data-src=\"https:\/\/parenthesebien-etre.fr\/wp-content\/uploads\/2024\/09\/Appel-Parenthese-Bien-etre-300x300.png\" class=\"attachment-medium size-medium lazyload\" alt=\"Appel- Parenth\u00e8se Bien-\u00eatre\" data-srcset=\"https:\/\/parenthesebien-etre.fr\/wp-content\/uploads\/2024\/09\/Appel-Parenthese-Bien-etre-300x300.png 300w, https:\/\/parenthesebien-etre.fr\/wp-content\/uploads\/2024\/09\/Appel-Parenthese-Bien-etre-150x150.png 150w, https:\/\/parenthesebien-etre.fr\/wp-content\/uploads\/2024\/09\/Appel-Parenthese-Bien-etre-100x100.png 100w, https:\/\/parenthesebien-etre.fr\/wp-content\/uploads\/2024\/09\/Appel-Parenthese-Bien-etre.png 512w\" data-sizes=\"(max-width: 300px) 100vw, 300px\" src=\"data:image\/gif;base64,R0lGODlhAQABAAAAACH5BAEKAAEALAAAAAABAAEAAAICTAEAOw==\" style=\"--smush-placeholder-width: 300px; --smush-placeholder-aspect-ratio: 300\/300;\" \/>\t\t\t\t\t<\/div>\n\t\t\t\t<\/div>\n\t\t\t<\/div>\n\t\t\t\t<div class=\"icon-box-text last-reset\">\n\t\t\t\t\t\t\t\t\t\n\n<h3>Par t\u00e9l\u00e9phone<\/h3>\n<p>Besoin d&rsquo;informations ? <br \/>D\u00e9crochez simplement le t\u00e9l\u00e9phone et appelez moi.<\/p>\n\t<div id=\"gap-296204485\" class=\"gap-element clearfix\" style=\"display:block; height:auto;\">\n\t\t\n<style>\n#gap-296204485 {\n  padding-top: 20px;\n}\n<\/style>\n\t<\/div>\n\t\n\n<a data-animate=\"fadeInUp\" href=\"tel:+33625751956\" target=\"_blank\" class=\"button primary box-shadow-1 box-shadow-2-hover\" rel=\"noopener\"  >\n\t\t<span>06.25.75.19.56<\/span>\n\t<\/a>\n\n\n\n\t\t<\/div>\n\t<\/div>\n\t\n\t\n\n\t\t<\/div>\n\t\t\t\t\t<\/div>\n\n\t\n\n\t<div id=\"col-1699800962\" class=\"col medium-6 small-12 large-6\"  >\n\t\t\t\t<div class=\"col-inner text-center\"  >\n\t\t\t\n\t\t\t\n\n\n\t\t<div class=\"icon-box featured-box icon-box-center text-center\"  >\n\t\t\t\t\t<div class=\"icon-box-img\" style=\"width: 60px\">\n\t\t\t\t<div class=\"icon\">\n\t\t\t\t\t<div class=\"icon-inner\" >\n\t\t\t\t\t\t<img decoding=\"async\" width=\"300\" height=\"300\" data-src=\"https:\/\/parenthesebien-etre.fr\/wp-content\/uploads\/2024\/09\/Email-Parenthese-Bien-etre-300x300.png\" class=\"attachment-medium size-medium lazyload\" alt=\"Email - Parenth\u00e8se Bien-\u00eatre\" data-srcset=\"https:\/\/parenthesebien-etre.fr\/wp-content\/uploads\/2024\/09\/Email-Parenthese-Bien-etre-300x300.png 300w, https:\/\/parenthesebien-etre.fr\/wp-content\/uploads\/2024\/09\/Email-Parenthese-Bien-etre-150x150.png 150w, https:\/\/parenthesebien-etre.fr\/wp-content\/uploads\/2024\/09\/Email-Parenthese-Bien-etre-100x100.png 100w, https:\/\/parenthesebien-etre.fr\/wp-content\/uploads\/2024\/09\/Email-Parenthese-Bien-etre.png 512w\" data-sizes=\"(max-width: 300px) 100vw, 300px\" src=\"data:image\/gif;base64,R0lGODlhAQABAAAAACH5BAEKAAEALAAAAAABAAEAAAICTAEAOw==\" style=\"--smush-placeholder-width: 300px; --smush-placeholder-aspect-ratio: 300\/300;\" \/>\t\t\t\t\t<\/div>\n\t\t\t\t<\/div>\n\t\t\t<\/div>\n\t\t\t\t<div class=\"icon-box-text last-reset\">\n\t\t\t\t\t\t\t\t\t\n\n<h3><span class=\"Y2IQFc\" lang=\"fr\">Contact par email<\/span><\/h3>\n<p><span class=\"Y2IQFc\" lang=\"fr\">Parfois, c&rsquo;est plus simple de nous envoyer un email. <br \/>Ne vous inqui\u00e9tez pas, je r\u00e9ponds rapidement.<\/span><\/p>\n\t<div id=\"gap-1092698964\" class=\"gap-element clearfix\" style=\"display:block; height:auto;\">\n\t\t\n<style>\n#gap-1092698964 {\n  padding-top: 20px;\n}\n<\/style>\n\t<\/div>\n\t\n\n\n\t\t<\/div>\n\t<\/div>\n\t\n\t\n<a href=\"mailto:contact@parenthesebien-etre.fr\" target=\"_blank\" class=\"button primary lowercase\" rel=\"noopener\"  >\n\t\t<span>Contactez-moi<\/span>\n\t<\/a>\n\n\n\n\t\t<\/div>\n\t\t\t\t\t<\/div>\n\n\t\n\n\t<div id=\"col-770502786\" class=\"col small-12 large-12\"  >\n\t\t\t\t<div class=\"col-inner text-center\" style=\"background-color:rgb(255,255,255);\" >\n\t\t\t\n\t\t\t\n\n\t<div id=\"text-1101512464\" class=\"text\">\n\t\t\n\n<h2>Posez directement votre question.<\/h2>\n\t\t\n<style>\n#text-1101512464 {\n  color: #df9a5f;\n}\n#text-1101512464 > * {\n  color: #df9a5f;\n}\n<\/style>\n\t<\/div>\n\t\n<div class=\"is-divider divider clearfix\" ><\/div>\n\n<div class=\"row align-middle align-center\"  id=\"row-307844107\">\n\n\n\t<div id=\"col-1977029167\" class=\"col medium-11 small-12 large-9\"  >\n\t\t\t\t<div class=\"col-inner text-left\"  >\n\t\t\t\n\t\t\t\n\n\n<div class=\"wpcf7 no-js\" id=\"wpcf7-f224-o1\" lang=\"fr-FR\" dir=\"ltr\" data-wpcf7-id=\"224\">\n<div class=\"screen-reader-response\"><p role=\"status\" aria-live=\"polite\" aria-atomic=\"true\"><\/p> <ul><\/ul><\/div>\n<form action=\"\/index.php\/wp-json\/wp\/v2\/pages\/31#wpcf7-f224-o1\" method=\"post\" class=\"wpcf7-form init\" aria-label=\"Formulaire de contact\" novalidate=\"novalidate\" data-status=\"init\">\n<fieldset class=\"hidden-fields-container\"><input type=\"hidden\" name=\"_wpcf7\" value=\"224\" \/><input type=\"hidden\" name=\"_wpcf7_version\" value=\"6.1.5\" \/><input type=\"hidden\" name=\"_wpcf7_locale\" value=\"fr_FR\" \/><input type=\"hidden\" name=\"_wpcf7_unit_tag\" value=\"wpcf7-f224-o1\" \/><input type=\"hidden\" name=\"_wpcf7_container_post\" value=\"0\" \/><input type=\"hidden\" name=\"_wpcf7_posted_data_hash\" value=\"\" \/><input type=\"hidden\" name=\"_wpcf7_recaptcha_response\" value=\"\" \/>\n<\/fieldset>\n<p><label> Votre nom<br \/>\n<span class=\"wpcf7-form-control-wrap\" data-name=\"your-name\"><input size=\"40\" maxlength=\"400\" class=\"wpcf7-form-control wpcf7-text wpcf7-validates-as-required\" autocomplete=\"name\" aria-required=\"true\" aria-invalid=\"false\" value=\"\" type=\"text\" name=\"your-name\" \/><\/span> <\/label>\n<\/p>\n<p><label> Votre e-mail<br \/>\n<span class=\"wpcf7-form-control-wrap\" data-name=\"your-email\"><input size=\"40\" maxlength=\"400\" class=\"wpcf7-form-control wpcf7-email wpcf7-validates-as-required wpcf7-text wpcf7-validates-as-email\" autocomplete=\"email\" aria-required=\"true\" aria-invalid=\"false\" value=\"\" type=\"email\" name=\"your-email\" \/><\/span> <\/label>\n<\/p>\n<p><label> Objet<br \/>\n<span class=\"wpcf7-form-control-wrap\" data-name=\"your-subject\"><input size=\"40\" maxlength=\"400\" class=\"wpcf7-form-control wpcf7-text wpcf7-validates-as-required\" aria-required=\"true\" aria-invalid=\"false\" value=\"\" type=\"text\" name=\"your-subject\" \/><\/span> <\/label>\n<\/p>\n<p><label> Votre message (facultatif)<br \/>\n<span class=\"wpcf7-form-control-wrap\" data-name=\"your-message\"><textarea cols=\"40\" rows=\"10\" maxlength=\"2000\" class=\"wpcf7-form-control wpcf7-textarea\" aria-invalid=\"false\" name=\"your-message\"><\/textarea><\/span> <\/label>\n<\/p>\n<p><input class=\"wpcf7-form-control wpcf7-submit has-spinner\" type=\"submit\" value=\"Envoyer\" \/>\n<\/p><div class=\"wpcf7-response-output\" aria-hidden=\"true\"><\/div>\n<\/form>\n<\/div>\n\n\n\n\t\t<\/div>\n\t\t\t\t\t<\/div>\n\n\t\n\n<\/div>\n\n\t\t<\/div>\n\t\t\t\t\t<\/div>\n\n\t\n\n\n<style>\n#row-510797558 > .col > .col-inner {\n  padding: 40px 40px 40px 40px;\n  background-color: rgb(255,255,255);\n}\n<\/style>\n<\/div>\n\n\t\t<\/div>\n\t\t\t\t\n<style>\n#col-2086364904 > .col-inner {\n  margin: -100px 0px 0px 0px;\n}\n<\/style>\n\t<\/div>\n\n\t\n\n<\/div>\n\n\t\t<\/div>\n\n\t\t\n<style>\n#section_1111623478 {\n  padding-top: 30px;\n  padding-bottom: 30px;\n  background-color: #df9a5f;\n}\n<\/style>\n\t<\/section>\n\t\n\n","protected":false},"excerpt":{"rendered":"","protected":false},"author":4,"featured_media":0,"parent":0,"menu_order":0,"comment_status":"closed","ping_status":"closed","template":"page-transparent-header-light.php","meta":{"footnotes":""},"class_list":["post-31","page","type-page","status-publish","hentry"],"yoast_head":"<!-- This site is optimized with the Yoast SEO plugin v27.1.1 - https:\/\/yoast.com\/product\/yoast-seo-wordpress\/ -->\n<title>Contact - Parenthese bien etre<\/title>\n<meta name=\"description\" content=\"Vous souhaitez en savoir plus sur nos soins de socio-esth\u00e9tique \u00e0 Angers ? Contactez Parenth\u00e8se Bien-\u00catre ! Remplissez notre formulaire en ligne, appelez-nous ou visitez notre institut. Nous sommes l\u00e0 pour r\u00e9pondre \u00e0 toutes vos questions et vous aider \u00e0 prendre soin de vous.\" \/>\n<meta name=\"robots\" content=\"index, follow, max-snippet:-1, max-image-preview:large, max-video-preview:-1\" \/>\n<link rel=\"canonical\" href=\"https:\/\/parenthesebien-etre.fr\/index.php\/contact\/\" \/>\n<meta property=\"og:locale\" content=\"fr_FR\" \/>\n<meta property=\"og:type\" content=\"article\" \/>\n<meta property=\"og:title\" content=\"Contact - Parenthese bien etre\" \/>\n<meta property=\"og:description\" content=\"Vous souhaitez en savoir plus sur nos soins de socio-esth\u00e9tique \u00e0 Angers ? Contactez Parenth\u00e8se Bien-\u00catre ! Remplissez notre formulaire en ligne, appelez-nous ou visitez notre institut. Nous sommes l\u00e0 pour r\u00e9pondre \u00e0 toutes vos questions et vous aider \u00e0 prendre soin de vous.\" \/>\n<meta property=\"og:url\" content=\"https:\/\/parenthesebien-etre.fr\/index.php\/contact\/\" \/>\n<meta property=\"og:site_name\" content=\"Parenthese bien etre\" \/>\n<meta property=\"article:modified_time\" content=\"2024-10-23T18:10:52+00:00\" \/>\n<meta name=\"twitter:card\" content=\"summary_large_image\" \/>\n<meta name=\"twitter:label1\" content=\"Dur\u00e9e de lecture estim\u00e9e\" \/>\n\t<meta name=\"twitter:data1\" content=\"1 minute\" \/>\n<script type=\"application\/ld+json\" class=\"yoast-schema-graph\">{\"@context\":\"https:\/\/schema.org\",\"@graph\":[{\"@type\":\"WebPage\",\"@id\":\"https:\/\/parenthesebien-etre.fr\/index.php\/contact\/\",\"url\":\"https:\/\/parenthesebien-etre.fr\/index.php\/contact\/\",\"name\":\"Contact - Parenthese bien etre\",\"isPartOf\":{\"@id\":\"https:\/\/parenthesebien-etre.fr\/#website\"},\"datePublished\":\"2024-09-17T08:04:34+00:00\",\"dateModified\":\"2024-10-23T18:10:52+00:00\",\"description\":\"Vous souhaitez en savoir plus sur nos soins de socio-esth\u00e9tique \u00e0 Angers ? Contactez Parenth\u00e8se Bien-\u00catre ! Remplissez notre formulaire en ligne, appelez-nous ou visitez notre institut. Nous sommes l\u00e0 pour r\u00e9pondre \u00e0 toutes vos questions et vous aider \u00e0 prendre soin de vous.\",\"breadcrumb\":{\"@id\":\"https:\/\/parenthesebien-etre.fr\/index.php\/contact\/#breadcrumb\"},\"inLanguage\":\"fr-FR\",\"potentialAction\":[{\"@type\":\"ReadAction\",\"target\":[\"https:\/\/parenthesebien-etre.fr\/index.php\/contact\/\"]}]},{\"@type\":\"BreadcrumbList\",\"@id\":\"https:\/\/parenthesebien-etre.fr\/index.php\/contact\/#breadcrumb\",\"itemListElement\":[{\"@type\":\"ListItem\",\"position\":1,\"name\":\"Accueil\",\"item\":\"https:\/\/parenthesebien-etre.fr\/\"},{\"@type\":\"ListItem\",\"position\":2,\"name\":\"Contact\"}]},{\"@type\":\"WebSite\",\"@id\":\"https:\/\/parenthesebien-etre.fr\/#website\",\"url\":\"https:\/\/parenthesebien-etre.fr\/\",\"name\":\"Parenthese bien etre\",\"description\":\"Profitez d&#039;un instant de bien-\u00eatre et de d\u00e9tente rien qu&#039;\u00e0 vous.\",\"potentialAction\":[{\"@type\":\"SearchAction\",\"target\":{\"@type\":\"EntryPoint\",\"urlTemplate\":\"https:\/\/parenthesebien-etre.fr\/?s={search_term_string}\"},\"query-input\":{\"@type\":\"PropertyValueSpecification\",\"valueRequired\":true,\"valueName\":\"search_term_string\"}}],\"inLanguage\":\"fr-FR\"}]}<\/script>\n<!-- \/ Yoast SEO plugin. -->","yoast_head_json":{"title":"Contact - Parenthese bien etre","description":"Vous souhaitez en savoir plus sur nos soins de socio-esth\u00e9tique \u00e0 Angers ? Contactez Parenth\u00e8se Bien-\u00catre ! Remplissez notre formulaire en ligne, appelez-nous ou visitez notre institut. Nous sommes l\u00e0 pour r\u00e9pondre \u00e0 toutes vos questions et vous aider \u00e0 prendre soin de vous.","robots":{"index":"index","follow":"follow","max-snippet":"max-snippet:-1","max-image-preview":"max-image-preview:large","max-video-preview":"max-video-preview:-1"},"canonical":"https:\/\/parenthesebien-etre.fr\/index.php\/contact\/","og_locale":"fr_FR","og_type":"article","og_title":"Contact - Parenthese bien etre","og_description":"Vous souhaitez en savoir plus sur nos soins de socio-esth\u00e9tique \u00e0 Angers ? Contactez Parenth\u00e8se Bien-\u00catre ! Remplissez notre formulaire en ligne, appelez-nous ou visitez notre institut. Nous sommes l\u00e0 pour r\u00e9pondre \u00e0 toutes vos questions et vous aider \u00e0 prendre soin de vous.","og_url":"https:\/\/parenthesebien-etre.fr\/index.php\/contact\/","og_site_name":"Parenthese bien etre","article_modified_time":"2024-10-23T18:10:52+00:00","twitter_card":"summary_large_image","twitter_misc":{"Dur\u00e9e de lecture estim\u00e9e":"1 minute"},"schema":{"@context":"https:\/\/schema.org","@graph":[{"@type":"WebPage","@id":"https:\/\/parenthesebien-etre.fr\/index.php\/contact\/","url":"https:\/\/parenthesebien-etre.fr\/index.php\/contact\/","name":"Contact - Parenthese bien etre","isPartOf":{"@id":"https:\/\/parenthesebien-etre.fr\/#website"},"datePublished":"2024-09-17T08:04:34+00:00","dateModified":"2024-10-23T18:10:52+00:00","description":"Vous souhaitez en savoir plus sur nos soins de socio-esth\u00e9tique \u00e0 Angers ? Contactez Parenth\u00e8se Bien-\u00catre ! Remplissez notre formulaire en ligne, appelez-nous ou visitez notre institut. Nous sommes l\u00e0 pour r\u00e9pondre \u00e0 toutes vos questions et vous aider \u00e0 prendre soin de vous.","breadcrumb":{"@id":"https:\/\/parenthesebien-etre.fr\/index.php\/contact\/#breadcrumb"},"inLanguage":"fr-FR","potentialAction":[{"@type":"ReadAction","target":["https:\/\/parenthesebien-etre.fr\/index.php\/contact\/"]}]},{"@type":"BreadcrumbList","@id":"https:\/\/parenthesebien-etre.fr\/index.php\/contact\/#breadcrumb","itemListElement":[{"@type":"ListItem","position":1,"name":"Accueil","item":"https:\/\/parenthesebien-etre.fr\/"},{"@type":"ListItem","position":2,"name":"Contact"}]},{"@type":"WebSite","@id":"https:\/\/parenthesebien-etre.fr\/#website","url":"https:\/\/parenthesebien-etre.fr\/","name":"Parenthese bien etre","description":"Profitez d&#039;un instant de bien-\u00eatre et de d\u00e9tente rien qu&#039;\u00e0 vous.","potentialAction":[{"@type":"SearchAction","target":{"@type":"EntryPoint","urlTemplate":"https:\/\/parenthesebien-etre.fr\/?s={search_term_string}"},"query-input":{"@type":"PropertyValueSpecification","valueRequired":true,"valueName":"search_term_string"}}],"inLanguage":"fr-FR"}]}},"_links":{"self":[{"href":"https:\/\/parenthesebien-etre.fr\/index.php\/wp-json\/wp\/v2\/pages\/31","targetHints":{"allow":["GET"]}}],"collection":[{"href":"https:\/\/parenthesebien-etre.fr\/index.php\/wp-json\/wp\/v2\/pages"}],"about":[{"href":"https:\/\/parenthesebien-etre.fr\/index.php\/wp-json\/wp\/v2\/types\/page"}],"author":[{"embeddable":true,"href":"https:\/\/parenthesebien-etre.fr\/index.php\/wp-json\/wp\/v2\/users\/4"}],"replies":[{"embeddable":true,"href":"https:\/\/parenthesebien-etre.fr\/index.php\/wp-json\/wp\/v2\/comments?post=31"}],"version-history":[{"count":9,"href":"https:\/\/parenthesebien-etre.fr\/index.php\/wp-json\/wp\/v2\/pages\/31\/revisions"}],"predecessor-version":[{"id":278,"href":"https:\/\/parenthesebien-etre.fr\/index.php\/wp-json\/wp\/v2\/pages\/31\/revisions\/278"}],"wp:attachment":[{"href":"https:\/\/parenthesebien-etre.fr\/index.php\/wp-json\/wp\/v2\/media?parent=31"}],"curies":[{"name":"wp","href":"https:\/\/api.w.org\/{rel}","templated":true}]}}