{"id":248,"date":"2024-10-23T11:34:12","date_gmt":"2024-10-23T10:34:12","guid":{"rendered":"https:\/\/parenthesebien-etre.fr\/?page_id=248"},"modified":"2024-10-23T11:45:25","modified_gmt":"2024-10-23T10:45:25","slug":"mentions-legales","status":"publish","type":"page","link":"https:\/\/parenthesebien-etre.fr\/index.php\/mentions-legales\/","title":{"rendered":"Mentions L\u00e9gales"},"content":{"rendered":"\n\n\t<section class=\"section dark has-parallax\" id=\"section_2001031943\">\n\t\t<div class=\"section-bg fill\" data-parallax-container=\".section\" data-parallax-background data-parallax=\"-5\">\n\t\t\t<img decoding=\"async\" width=\"2560\" height=\"1707\" data-src=\"https:\/\/parenthesebien-etre.fr\/wp-content\/uploads\/2024\/10\/Politique-de-cookies-UE-Parenthese-Bien-etre-scaled.jpg\" class=\"bg attachment-original size-original lazyload\" alt=\"Politique de cookies (UE) - Parenth\u00e8se Bien-\u00eatre\" src=\"data:image\/gif;base64,R0lGODlhAQABAAAAACH5BAEKAAEALAAAAAABAAEAAAICTAEAOw==\" style=\"--smush-placeholder-width: 2560px; --smush-placeholder-aspect-ratio: 2560\/1707;\" \/>\t\t\t\t\t\t<div class=\"section-bg-overlay absolute fill\"><\/div>\n\t\t\t\n\n\t\t<\/div>\n\n\t\t\n\n\t\t<div class=\"section-content relative\">\n\t\t\t\n\n\t<div id=\"gap-89640492\" class=\"gap-element clearfix\" style=\"display:block; height:auto;\">\n\t\t\n<style>\n#gap-89640492 {\n  padding-top: 30px;\n}\n<\/style>\n\t<\/div>\n\t\n\n<div class=\"row align-center\"  id=\"row-1077660696\">\n\n\n\t<div id=\"col-431610257\" class=\"col medium-9 small-12 large-9\"  data-animate=\"fadeInUp\">\n\t\t\t\t<div class=\"col-inner text-center text-shadow-5\"  >\n\t\t\t\n\t\t\t\n\n\t<div id=\"text-1902757246\" class=\"text\">\n\t\t\n\n<h1>Mentions L\u00e9gales<\/h1>\n\t\t\n<style>\n#text-1902757246 {\n  font-size: 1.5rem;\n  text-align: center;\n}\n@media (min-width:550px) {\n  #text-1902757246 {\n    font-size: 2rem;\n  }\n}\n<\/style>\n\t<\/div>\n\t\n\n\t\t<\/div>\n\t\t\t\t\t<\/div>\n\n\t\n\n<\/div>\n\n\t\t<\/div>\n\n\t\t\n<style>\n#section_2001031943 {\n  padding-top: 30px;\n  padding-bottom: 30px;\n  min-height: 400px;\n}\n#section_2001031943 .section-bg-overlay {\n  background-color: rgba(0, 0, 0, 0.2);\n}\n#section_2001031943 .section-bg img {\n  object-position: 22% 0%;\n}\n@media (min-width:550px) {\n  #section_2001031943 {\n    min-height: 500px;\n  }\n  #section_2001031943 .section-bg-overlay {\n    background-color: rgba(0, 0, 0, 0.122);\n  }\n}\n@media (min-width:850px) {\n  #section_2001031943 {\n    min-height: 550px;\n  }\n}\n<\/style>\n\t<\/section>\n\t\n<div class=\"row\"  id=\"row-1285977510\">\n\n\n\t<div id=\"col-986291663\" class=\"col small-12 large-12\"  >\n\t\t\t\t<div class=\"col-inner\"  >\n\t\t\t\n\t\t\t\n\n<p><strong>\u00c9diteur du site :<\/strong><\/p>\n<p>Le site <strong>Parenth\u00e8se Bien-\u00catre<\/strong> est \u00e9dit\u00e9 par :<\/p>\n<ul>\n<li><strong>Raison sociale<\/strong> : <span class=\"cmplz-contact-organisation\">Parenth\u00e8se Bien-\u00eatre<\/span><\/li>\n<li><strong>Forme juridique<\/strong> : Auto-entreprise<\/li>\n<li><strong>Si\u00e8ge social<\/strong> : <span class=\"cmplz-contact-address\">10 rue du tertre 49112 Verri\u00e8res-en-Anjou<\/span><br \/><span class=\"cmplz-contact-country\">France<\/span><\/li>\n<li><strong>Directeur de la publication<\/strong> : Elo\u00efse Dalibon<\/li>\n<li><strong>Contact<\/strong> : <span class=\"cmplz-contact-email\">contact@parenthesebien-etre.fr<\/span><\/li>\n<\/ul>\n<hr \/>\n<p><strong>H\u00e9bergement du site :<\/strong><\/p>\n<p>Le site <strong>Parenth\u00e8se Bien-\u00catre<\/strong> est h\u00e9berg\u00e9 par :<\/p>\n<ul>\n<li>\n<p><strong>H\u00e9bergeur :<\/strong> <span class=\"ff_dynamic_value\" data-ref=\"hebergeur\" data-fallback=\"\">Autre<\/span><span class=\"ff_dynamic_value\" data-ref=\"nom_hebergeur\" data-fallback=\"\">Hostinger<\/span> <span class=\"ff_dynamic_value\" data-ref=\"adresse_hebergeur\" data-fallback=\"\">HOSTINGER operations, UAB \u0160vitrigailos str. 34, Vilnius 03230 Lithuania<\/span><span class=\"ff_dynamic_value\" data-ref=\"telephone_hebergeur\" data-fallback=\"\">+37064503378<\/span><\/p>\n<p><strong>D\u00e9l\u00e9gu\u00e9 \u00e0 la protection des donn\u00e9es : <\/strong><span class=\"ff_dynamic_value\" data-ref=\"dpo\" data-fallback=\"\">Agence Fraischeur<\/span> \u2013 <span class=\"ff_dynamic_value\" data-ref=\"contact_dpo\" data-fallback=\"\">contact@fraischeur.com<\/span><\/p>\n<p><strong>Autres contributeurs :<\/strong> <span class=\"ff_dynamic_value\" data-ref=\"autres_contributeurs\" data-fallback=\"\">Fraischeur<\/span><\/p>\n<\/li>\n<\/ul>\n<hr \/>\n<p><strong>Propri\u00e9t\u00e9 intellectuelle :<\/strong><\/p>\n<p>Tous les \u00e9l\u00e9ments graphiques, la structure et, plus g\u00e9n\u00e9ralement, le contenu du site <strong>Parenth\u00e8se Bien-\u00catre<\/strong> (textes, images, vid\u00e9os, logos, etc.) sont prot\u00e9g\u00e9s par la l\u00e9gislation fran\u00e7aise relative \u00e0 la propri\u00e9t\u00e9 intellectuelle et aux droits d\u2019auteur.<\/p>\n<p>Toute reproduction, repr\u00e9sentation, modification, publication, adaptation de tout ou partie des \u00e9l\u00e9ments du site, quel que soit le moyen ou le proc\u00e9d\u00e9 utilis\u00e9, est interdite sans l\u2019autorisation \u00e9crite pr\u00e9alable de l\u2019\u00e9diteur.<\/p>\n<hr \/>\n<p><strong>Protection des donn\u00e9es personnelles :<\/strong><\/p>\n<p>Conform\u00e9ment \u00e0 la loi Informatique et Libert\u00e9s du 6 janvier 1978 modifi\u00e9e et au R\u00e8glement G\u00e9n\u00e9ral sur la Protection des Donn\u00e9es (RGPD), vous disposez d\u2019un droit d\u2019acc\u00e8s, de rectification, de suppression et d\u2019opposition sur les donn\u00e9es personnelles vous concernant.<\/p>\n<p>Pour exercer ce droit, vous pouvez nous contacter \u00e0 l\u2019adresse suivante : contact@fraischeur.com.<\/p>\n<p>Le site <strong>Parenth\u00e8se Bien-\u00catre<\/strong> s&rsquo;engage \u00e0 garantir la s\u00e9curit\u00e9 et la confidentialit\u00e9 de vos donn\u00e9es personnelles. Pour plus d&rsquo;informations, consultez notre <a href=\"https:\/\/parenthesebien-etre.fr\/index.php\/politique-de-cookies-ue\/\" target=\"_blank\" rel=\"noopener\">[politique de confidentialit\u00e9]<\/a>.<\/p>\n<hr \/>\n<p><strong>Cookies :<\/strong><\/p>\n<p>Le site <strong>Parenth\u00e8se Bien-\u00catre<\/strong> utilise des cookies pour am\u00e9liorer l\u2019exp\u00e9rience de navigation. Vous avez la possibilit\u00e9 de d\u00e9sactiver les cookies en configurant votre navigateur selon vos pr\u00e9f\u00e9rences. Pour en savoir plus sur l\u2019utilisation des cookies, veuillez consulter notre <a href=\"https:\/\/parenthesebien-etre.fr\/index.php\/politique-de-cookies-ue\/\" target=\"_blank\" rel=\"noopener\">[politique des cookies]<\/a>.<\/p>\n<hr \/>\n<p><strong>Responsabilit\u00e9 :<\/strong><\/p>\n<p>L\u2019\u00e9diteur du site met tout en \u0153uvre pour assurer l&rsquo;exactitude des informations disponibles sur le site <strong>Parenth\u00e8se Bien-\u00catre<\/strong>. Cependant, l\u2019\u00e9diteur ne saurait \u00eatre tenu responsable des erreurs, omissions ou des r\u00e9sultats qui pourraient \u00eatre obtenus par un mauvais usage de ces informations.<\/p>\n<hr \/>\n<p><strong>Litiges :<\/strong><\/p>\n<p>En cas de litige relatif \u00e0 l\u2019utilisation du site <strong>Parenth\u00e8se Bien-\u00catre<\/strong>, la loi applicable est la loi fran\u00e7aise, et les tribunaux comp\u00e9tents sont ceux de Angers.<\/p>\n<hr \/>\n<p><em>Derni\u00e8re mise \u00e0 jour : Le octobre 23, 2024<\/em><\/p>\n\n\t\t<\/div>\n\t\t\t\t\t<\/div>\n\n\t\n\n<\/div>\n\n","protected":false},"excerpt":{"rendered":"","protected":false},"author":4,"featured_media":0,"parent":0,"menu_order":0,"comment_status":"closed","ping_status":"closed","template":"page-transparent-header-light.php","meta":{"footnotes":""},"class_list":["post-248","page","type-page","status-publish","hentry"],"yoast_head":"<!-- This site is optimized with the Yoast SEO plugin v27.1.1 - https:\/\/yoast.com\/product\/yoast-seo-wordpress\/ -->\n<title>Mentions L\u00e9gales - Parenthese bien etre<\/title>\n<meta name=\"description\" content=\"Consultez les mentions l\u00e9gales de Parenth\u00e8se Bien-\u00catre, votre espace de socio-esth\u00e9tique \u00e0 Angers. Retrouvez toutes les informations sur l\u2019\u00e9diteur du site, les conditions d\u2019utilisation, et les droits d\u2019auteur. Renseignez-vous sur notre engagement pour la transparence et la protection des donn\u00e9es personnelles.\" \/>\n<meta name=\"robots\" content=\"index, follow, max-snippet:-1, max-image-preview:large, max-video-preview:-1\" \/>\n<link rel=\"canonical\" href=\"https:\/\/parenthesebien-etre.fr\/index.php\/mentions-legales\/\" \/>\n<meta property=\"og:locale\" content=\"fr_FR\" \/>\n<meta property=\"og:type\" content=\"article\" \/>\n<meta property=\"og:title\" content=\"Mentions L\u00e9gales - Parenthese bien etre\" \/>\n<meta property=\"og:description\" content=\"Consultez les mentions l\u00e9gales de Parenth\u00e8se Bien-\u00catre, votre espace de socio-esth\u00e9tique \u00e0 Angers. Retrouvez toutes les informations sur l\u2019\u00e9diteur du site, les conditions d\u2019utilisation, et les droits d\u2019auteur. Renseignez-vous sur notre engagement pour la transparence et la protection des donn\u00e9es personnelles.\" \/>\n<meta property=\"og:url\" content=\"https:\/\/parenthesebien-etre.fr\/index.php\/mentions-legales\/\" \/>\n<meta property=\"og:site_name\" content=\"Parenthese bien etre\" \/>\n<meta property=\"article:modified_time\" content=\"2024-10-23T10:45:25+00:00\" \/>\n<meta name=\"twitter:card\" content=\"summary_large_image\" \/>\n<meta name=\"twitter:label1\" content=\"Dur\u00e9e de lecture estim\u00e9e\" \/>\n\t<meta name=\"twitter:data1\" content=\"2 minutes\" \/>\n<script type=\"application\/ld+json\" class=\"yoast-schema-graph\">{\"@context\":\"https:\/\/schema.org\",\"@graph\":[{\"@type\":\"WebPage\",\"@id\":\"https:\/\/parenthesebien-etre.fr\/index.php\/mentions-legales\/\",\"url\":\"https:\/\/parenthesebien-etre.fr\/index.php\/mentions-legales\/\",\"name\":\"Mentions L\u00e9gales - Parenthese bien etre\",\"isPartOf\":{\"@id\":\"https:\/\/parenthesebien-etre.fr\/#website\"},\"datePublished\":\"2024-10-23T10:34:12+00:00\",\"dateModified\":\"2024-10-23T10:45:25+00:00\",\"description\":\"Consultez les mentions l\u00e9gales de Parenth\u00e8se Bien-\u00catre, votre espace de socio-esth\u00e9tique \u00e0 Angers. Retrouvez toutes les informations sur l\u2019\u00e9diteur du site, les conditions d\u2019utilisation, et les droits d\u2019auteur. Renseignez-vous sur notre engagement pour la transparence et la protection des donn\u00e9es personnelles.\",\"breadcrumb\":{\"@id\":\"https:\/\/parenthesebien-etre.fr\/index.php\/mentions-legales\/#breadcrumb\"},\"inLanguage\":\"fr-FR\",\"potentialAction\":[{\"@type\":\"ReadAction\",\"target\":[\"https:\/\/parenthesebien-etre.fr\/index.php\/mentions-legales\/\"]}]},{\"@type\":\"BreadcrumbList\",\"@id\":\"https:\/\/parenthesebien-etre.fr\/index.php\/mentions-legales\/#breadcrumb\",\"itemListElement\":[{\"@type\":\"ListItem\",\"position\":1,\"name\":\"Accueil\",\"item\":\"https:\/\/parenthesebien-etre.fr\/\"},{\"@type\":\"ListItem\",\"position\":2,\"name\":\"Mentions L\u00e9gales\"}]},{\"@type\":\"WebSite\",\"@id\":\"https:\/\/parenthesebien-etre.fr\/#website\",\"url\":\"https:\/\/parenthesebien-etre.fr\/\",\"name\":\"Parenthese bien etre\",\"description\":\"Profitez d&#039;un instant de bien-\u00eatre et de d\u00e9tente rien qu&#039;\u00e0 vous.\",\"potentialAction\":[{\"@type\":\"SearchAction\",\"target\":{\"@type\":\"EntryPoint\",\"urlTemplate\":\"https:\/\/parenthesebien-etre.fr\/?s={search_term_string}\"},\"query-input\":{\"@type\":\"PropertyValueSpecification\",\"valueRequired\":true,\"valueName\":\"search_term_string\"}}],\"inLanguage\":\"fr-FR\"}]}<\/script>\n<!-- \/ Yoast SEO plugin. -->","yoast_head_json":{"title":"Mentions L\u00e9gales - Parenthese bien etre","description":"Consultez les mentions l\u00e9gales de Parenth\u00e8se Bien-\u00catre, votre espace de socio-esth\u00e9tique \u00e0 Angers. Retrouvez toutes les informations sur l\u2019\u00e9diteur du site, les conditions d\u2019utilisation, et les droits d\u2019auteur. Renseignez-vous sur notre engagement pour la transparence et la protection des donn\u00e9es personnelles.","robots":{"index":"index","follow":"follow","max-snippet":"max-snippet:-1","max-image-preview":"max-image-preview:large","max-video-preview":"max-video-preview:-1"},"canonical":"https:\/\/parenthesebien-etre.fr\/index.php\/mentions-legales\/","og_locale":"fr_FR","og_type":"article","og_title":"Mentions L\u00e9gales - Parenthese bien etre","og_description":"Consultez les mentions l\u00e9gales de Parenth\u00e8se Bien-\u00catre, votre espace de socio-esth\u00e9tique \u00e0 Angers. Retrouvez toutes les informations sur l\u2019\u00e9diteur du site, les conditions d\u2019utilisation, et les droits d\u2019auteur. Renseignez-vous sur notre engagement pour la transparence et la protection des donn\u00e9es personnelles.","og_url":"https:\/\/parenthesebien-etre.fr\/index.php\/mentions-legales\/","og_site_name":"Parenthese bien etre","article_modified_time":"2024-10-23T10:45:25+00:00","twitter_card":"summary_large_image","twitter_misc":{"Dur\u00e9e de lecture estim\u00e9e":"2 minutes"},"schema":{"@context":"https:\/\/schema.org","@graph":[{"@type":"WebPage","@id":"https:\/\/parenthesebien-etre.fr\/index.php\/mentions-legales\/","url":"https:\/\/parenthesebien-etre.fr\/index.php\/mentions-legales\/","name":"Mentions L\u00e9gales - Parenthese bien etre","isPartOf":{"@id":"https:\/\/parenthesebien-etre.fr\/#website"},"datePublished":"2024-10-23T10:34:12+00:00","dateModified":"2024-10-23T10:45:25+00:00","description":"Consultez les mentions l\u00e9gales de Parenth\u00e8se Bien-\u00catre, votre espace de socio-esth\u00e9tique \u00e0 Angers. Retrouvez toutes les informations sur l\u2019\u00e9diteur du site, les conditions d\u2019utilisation, et les droits d\u2019auteur. Renseignez-vous sur notre engagement pour la transparence et la protection des donn\u00e9es personnelles.","breadcrumb":{"@id":"https:\/\/parenthesebien-etre.fr\/index.php\/mentions-legales\/#breadcrumb"},"inLanguage":"fr-FR","potentialAction":[{"@type":"ReadAction","target":["https:\/\/parenthesebien-etre.fr\/index.php\/mentions-legales\/"]}]},{"@type":"BreadcrumbList","@id":"https:\/\/parenthesebien-etre.fr\/index.php\/mentions-legales\/#breadcrumb","itemListElement":[{"@type":"ListItem","position":1,"name":"Accueil","item":"https:\/\/parenthesebien-etre.fr\/"},{"@type":"ListItem","position":2,"name":"Mentions L\u00e9gales"}]},{"@type":"WebSite","@id":"https:\/\/parenthesebien-etre.fr\/#website","url":"https:\/\/parenthesebien-etre.fr\/","name":"Parenthese bien etre","description":"Profitez d&#039;un instant de bien-\u00eatre et de d\u00e9tente rien qu&#039;\u00e0 vous.","potentialAction":[{"@type":"SearchAction","target":{"@type":"EntryPoint","urlTemplate":"https:\/\/parenthesebien-etre.fr\/?s={search_term_string}"},"query-input":{"@type":"PropertyValueSpecification","valueRequired":true,"valueName":"search_term_string"}}],"inLanguage":"fr-FR"}]}},"_links":{"self":[{"href":"https:\/\/parenthesebien-etre.fr\/index.php\/wp-json\/wp\/v2\/pages\/248","targetHints":{"allow":["GET"]}}],"collection":[{"href":"https:\/\/parenthesebien-etre.fr\/index.php\/wp-json\/wp\/v2\/pages"}],"about":[{"href":"https:\/\/parenthesebien-etre.fr\/index.php\/wp-json\/wp\/v2\/types\/page"}],"author":[{"embeddable":true,"href":"https:\/\/parenthesebien-etre.fr\/index.php\/wp-json\/wp\/v2\/users\/4"}],"replies":[{"embeddable":true,"href":"https:\/\/parenthesebien-etre.fr\/index.php\/wp-json\/wp\/v2\/comments?post=248"}],"version-history":[{"count":1,"href":"https:\/\/parenthesebien-etre.fr\/index.php\/wp-json\/wp\/v2\/pages\/248\/revisions"}],"predecessor-version":[{"id":249,"href":"https:\/\/parenthesebien-etre.fr\/index.php\/wp-json\/wp\/v2\/pages\/248\/revisions\/249"}],"wp:attachment":[{"href":"https:\/\/parenthesebien-etre.fr\/index.php\/wp-json\/wp\/v2\/media?parent=248"}],"curies":[{"name":"wp","href":"https:\/\/api.w.org\/{rel}","templated":true}]}}